{"id":2009,"date":"2022-07-15T18:06:34","date_gmt":"2022-07-15T18:06:34","guid":{"rendered":"https:\/\/makerrobotics.com.py\/site\/clientes\/"},"modified":"2023-03-09T17:17:08","modified_gmt":"2023-03-09T17:17:08","slug":"clientes","status":"publish","type":"page","link":"https:\/\/makerrobotics.com.py\/site\/clientes\/","title":{"rendered":"Clientes"},"content":{"rendered":"<p>[et_pb_section fb_built=\u00bb1&#8243; admin_label=\u00bbHeader\u00bb _builder_version=\u00bb4.16&#8243; _module_preset=\u00bbdefault\u00bb background_color=\u00bb#091744&#8243; use_background_color_gradient=\u00bbon\u00bb background_color_gradient_stops=\u00bb#091744 0%|#091744 100%\u00bb background_color_gradient_start=\u00bb#091744&#8243; background_color_gradient_end=\u00bb#091744&#8243; background_image=\u00bbhttp:\/\/makerrobotics.com.py\/site\/wp-content\/uploads\/2022\/05\/gaming-19.png\u00bb background_position=\u00bbbottom_center\u00bb custom_padding=\u00bb8vw||0vw||false|false\u00bb da_disable_devices=\u00bboff|off|off\u00bb locked=\u00bboff\u00bb global_colors_info=\u00bb{}\u00bb da_is_popup=\u00bboff\u00bb da_exit_intent=\u00bboff\u00bb da_has_close=\u00bbon\u00bb da_alt_close=\u00bboff\u00bb da_dark_close=\u00bboff\u00bb da_not_modal=\u00bbon\u00bb da_is_singular=\u00bboff\u00bb da_with_loader=\u00bboff\u00bb da_has_shadow=\u00bbon\u00bb][et_pb_row _builder_version=\u00bb4.17.3&#8243; _module_preset=\u00bbdefault\u00bb width_tablet=\u00bb80%\u00bb width_phone=\u00bb90%\u00bb width_last_edited=\u00bbon|tablet\u00bb global_colors_info=\u00bb{}\u00bb][et_pb_column type=\u00bb4_4&#8243; _builder_version=\u00bb4.17.3&#8243; _module_preset=\u00bbdefault\u00bb custom_padding=\u00bb|||\u00bb global_colors_info=\u00bb{}\u00bb custom_padding__hover=\u00bb|||\u00bb][et_pb_text _builder_version=\u00bb4.18.0&#8243; _module_preset=\u00bbdefault\u00bb text_font=\u00bbLato||||||||\u00bb text_font_size=\u00bb16px\u00bb text_line_height=\u00bb2em\u00bb header_font=\u00bbRubik|700||on|||||\u00bb header_font_size=\u00bb41px\u00bb header_line_height=\u00bb1.3em\u00bb header_3_font=\u00bbPoppins|300|||||||\u00bb header_3_text_color=\u00bbgcid-5720e999-9038-41ac-bcbb-8946f2adb628&#8243; text_orientation=\u00bbcenter\u00bb background_layout=\u00bbdark\u00bb width=\u00bb60%\u00bb width_tablet=\u00bb100%\u00bb width_phone=\u00bb100%\u00bb width_last_edited=\u00bbon|phone\u00bb module_alignment=\u00bbcenter\u00bb custom_padding=\u00bb45px||44px||false|false\u00bb custom_padding_tablet=\u00bb\u00bb custom_padding_phone=\u00bb120px||0px||false|false\u00bb custom_padding_last_edited=\u00bbon|phone\u00bb header_font_size_tablet=\u00bb39px\u00bb header_font_size_phone=\u00bb33px\u00bb header_font_size_last_edited=\u00bbon|tablet\u00bb header_3_font_size_tablet=\u00bb\u00bb header_3_font_size_phone=\u00bb18px\u00bb header_3_font_size_last_edited=\u00bbon|phone\u00bb global_colors_info=\u00bb{%22gcid-5720e999-9038-41ac-bcbb-8946f2adb628%22:%91%22header_3_text_color%22%93}\u00bb]<\/p>\n<h1>CLIENTES EN AM\u00c9RICA LATINA<\/h1>\n<p>[\/et_pb_text][et_pb_blurb use_icon=\u00bbon\u00bb font_icon=\u00bb&#x37;||divi||400&#8243; icon_color=\u00bbrgba(255,255,255,0.24)\u00bb image_icon_width=\u00bb32px\u00bb _builder_version=\u00bb4.16&#8243; _module_preset=\u00bbdefault\u00bb text_orientation=\u00bbcenter\u00bb animation=\u00bboff\u00bb link_option_url=\u00bb#\u00bb icon_font_size=\u00bb32px\u00bb global_colors_info=\u00bb{}\u00bb icon_color__hover_enabled=\u00bbon\u00bb icon_color__hover=\u00bb#14f1d9&#8243;][\/et_pb_blurb][\/et_pb_column][\/et_pb_row][\/et_pb_section][et_pb_section fb_built=\u00bb1&#8243; admin_label=\u00bbDownload\u00bb _builder_version=\u00bb4.17.3&#8243; _module_preset=\u00bbdefault\u00bb background_color=\u00bb#091744&#8243; use_background_color_gradient=\u00bbon\u00bb background_color_gradient_stops=\u00bbrgba(9,23,68,0) 0%|rgba(9,23,68,0) 47%|#091744 100%\u00bb background_color_gradient_overlays_image=\u00bbon\u00bb background_image=\u00bbhttp:\/\/makerrobotics.com.py\/site\/wp-content\/uploads\/2022\/04\/gaming-11.jpg\u00bb parallax=\u00bbon\u00bb custom_padding=\u00bb||73px|||\u00bb bottom_divider_height=\u00bb14vw\u00bb da_disable_devices=\u00bboff|off|off\u00bb global_colors_info=\u00bb{}\u00bb da_is_popup=\u00bboff\u00bb da_exit_intent=\u00bboff\u00bb da_has_close=\u00bbon\u00bb da_alt_close=\u00bboff\u00bb da_dark_close=\u00bboff\u00bb da_not_modal=\u00bbon\u00bb da_is_singular=\u00bboff\u00bb da_with_loader=\u00bboff\u00bb da_has_shadow=\u00bbon\u00bb][et_pb_row column_structure=\u00bb1_3,1_3,1_3&#8243; make_equal=\u00bbon\u00bb _builder_version=\u00bb4.17.3&#8243; _module_preset=\u00bbdefault\u00bb custom_css_main_element=\u00bbdisplay:flex;||flex-wrap:wrap;||align-content:center;\u00bb global_colors_info=\u00bb{}\u00bb][et_pb_column type=\u00bb1_3&#8243; _builder_version=\u00bb4.17.3&#8243; _module_preset=\u00bbdefault\u00bb background_color=\u00bb#191d52&#8243; custom_padding=\u00bb50px|4%|50px|4%|true|true\u00bb custom_css_main_element=\u00bbdisplay:flex;||flex-wrap:wrap;||align-items:center;\u00bb border_radii=\u00bbon|10px|10px|10px|10px\u00bb box_shadow_style=\u00bbpreset1&#8243; box_shadow_color=\u00bb#14f1d9&#8243; global_colors_info=\u00bb{}\u00bb][et_pb_text _builder_version=\u00bb4.17.3&#8243; _module_preset=\u00bbdefault\u00bb text_font=\u00bbPoppins|700||on|||||\u00bb text_text_color=\u00bb#FFFFFF\u00bb text_font_size=\u00bb25px\u00bb text_line_height=\u00bb1.2em\u00bb text_orientation=\u00bbcenter\u00bb width=\u00bb100%\u00bb module_alignment=\u00bbcenter\u00bb global_colors_info=\u00bb{}\u00bb]<\/p>\n<p>M\u00e1s de 3000 clientes<\/p>\n<p>[\/et_pb_text][\/et_pb_column][et_pb_column type=\u00bb1_3&#8243; _builder_version=\u00bb4.17.3&#8243; _module_preset=\u00bbdefault\u00bb background_color=\u00bb#191d52&#8243; custom_padding=\u00bb50px|4%|50px|4%|true|true\u00bb custom_css_main_element=\u00bbdisplay:flex;||flex-wrap:wrap;||align-items:center;\u00bb border_radii=\u00bbon|10px|10px|10px|10px\u00bb box_shadow_style=\u00bbpreset1&#8243; box_shadow_color=\u00bb#14f1d9&#8243; global_colors_info=\u00bb{}\u00bb][et_pb_text _builder_version=\u00bb4.18.0&#8243; _module_preset=\u00bbdefault\u00bb text_font=\u00bbPoppins|700||on|||||\u00bb text_text_color=\u00bb#FFFFFF\u00bb text_font_size=\u00bb25px\u00bb text_line_height=\u00bb1.2em\u00bb text_orientation=\u00bbcenter\u00bb width=\u00bb100%\u00bb module_alignment=\u00bbcenter\u00bb hover_enabled=\u00bb0&#8243; global_colors_info=\u00bb{}\u00bb sticky_enabled=\u00bb0&#8243;]<\/p>\n<p>Presentes en todo el pa\u00eds<\/p>\n<p>[\/et_pb_text][\/et_pb_column][et_pb_column type=\u00bb1_3&#8243; _builder_version=\u00bb4.17.3&#8243; _module_preset=\u00bbdefault\u00bb background_color=\u00bb#191d52&#8243; custom_padding=\u00bb50px|4%|50px|4%|true|true\u00bb custom_css_main_element=\u00bbdisplay:flex;||flex-wrap:wrap;||align-items:center;\u00bb border_radii=\u00bbon|10px|10px|10px|10px\u00bb box_shadow_style=\u00bbpreset1&#8243; box_shadow_color=\u00bb#14f1d9&#8243; global_colors_info=\u00bb{}\u00bb][et_pb_text _builder_version=\u00bb4.17.3&#8243; _module_preset=\u00bbdefault\u00bb text_font=\u00bbPoppins|700||on|||||\u00bb text_text_color=\u00bb#FFFFFF\u00bb text_font_size=\u00bb25px\u00bb text_line_height=\u00bb1.2em\u00bb text_orientation=\u00bbcenter\u00bb width=\u00bb100%\u00bb global_colors_info=\u00bb{}\u00bb]<\/p>\n<p>Somos la Mayor Empresa de Rob\u00f3tica Educativa<\/p>\n<p>[\/et_pb_text][\/et_pb_column][\/et_pb_row][et_pb_row module_class=\u00bbMapaClientes\u00bb _builder_version=\u00bb4.17.3&#8243; _module_preset=\u00bbdefault\u00bb global_colors_info=\u00bb{}\u00bb][et_pb_column type=\u00bb4_4&#8243; _builder_version=\u00bb4.17.3&#8243; _module_preset=\u00bbdefault\u00bb global_colors_info=\u00bb{}\u00bb][et_pb_code raw_content_last_edited=\u00bboff|phone\u00bb module_id=\u00bbMapaContent\u00bb _builder_version=\u00bb4.18.0&#8243; _module_preset=\u00bbdefault\u00bb text_orientation=\u00bbcenter\u00bb global_colors_info=\u00bb{}\u00bb raw_content__hover_enabled=\u00bboff|desktop\u00bb]<div class=\"map_wrapper\" id=\"map_wrapper_2079\">\n<div class=\"map_box\" style=\"max-width:3000px\">\n<div class=\"map_aspect_ratio\" style=\"padding-top:72%\" data-padding-top=\"72%\" data-padding-top-mobile=\"\">\n<div class=\"map_container\">\n<div class=\"map_render map_loading\" id=\"map_2079\"><\/div>\n<\/div>\n<\/div>\n<\/div>\n<\/div>[\/et_pb_code][et_pb_code _builder_version=\u00bb4.17.3&#8243; _module_preset=\u00bbdefault\u00bb global_colors_info=\u00bb{}\u00bb]<script><!-- [et_pb_line_break_holder] -->  window.onscroll = function() {myFunction()};<!-- [et_pb_line_break_holder] -->function myFunction() {<!-- [et_pb_line_break_holder] -->  document.querySelectorAll(\"a[href='http:\/\/mapplugins.com\/brazil\/?utm_source=html5-maps-plugin&utm_medium=bottom-link&utm_campaign=bottom-link-map-brazil']\")[0].style.display = \"none\";<!-- [et_pb_line_break_holder] -->}<!-- [et_pb_line_break_holder] --><\/script>[\/et_pb_code][\/et_pb_column][\/et_pb_row][et_pb_row column_structure=\u00bb2_3,1_3&#8243; custom_padding_last_edited=\u00bbon|phone\u00bb _builder_version=\u00bb4.17.3&#8243; _module_preset=\u00bbdefault\u00bb use_background_color_gradient=\u00bbon\u00bb background_color_gradient_direction=\u00bb210deg\u00bb background_color_gradient_stops=\u00bbrgba(0,176,219,0.58) 0%|#1a448b 100%\u00bb background_color_gradient_overlays_image=\u00bbon\u00bb background_color_gradient_start=\u00bb#00b0db\u00bb background_color_gradient_end=\u00bb#1a448b\u00bb background_image=\u00bbhttp:\/\/makerrobotics.com.py\/site\/wp-content\/uploads\/2022\/05\/23-1-scaled.jpg\u00bb width=\u00bb90%\u00bb width_tablet=\u00bb90%\u00bb width_phone=\u00bb95%\u00bb width_last_edited=\u00bbon|phone\u00bb max_width=\u00bb100%\u00bb max_width_last_edited=\u00bboff|phone\u00bb module_alignment=\u00bbleft\u00bb custom_margin=\u00bb105px|auto|0vw|auto|false|false\u00bb custom_margin_tablet=\u00bb105px|auto|0vw|auto|false|false\u00bb custom_margin_phone=\u00bb45px|auto|0vw|auto|false|false\u00bb custom_margin_last_edited=\u00bbon|phone\u00bb custom_padding=\u00bb64px|185px|64px|10vw|true|false\u00bb custom_padding_tablet=\u00bb102px|10vw|102px|10vw|true|true\u00bb custom_padding_phone=\u00bb60px||60px||false|true\u00bb animation_style=\u00bbfold\u00bb animation_direction=\u00bbleft\u00bb animation_intensity_fold=\u00bb20%\u00bb border_radii=\u00bb||20px|120px|\u00bb border_radii_tablet=\u00bb||20px|120px|\u00bb border_radii_phone=\u00bboff||20px|14vw|\u00bb border_radii_last_edited=\u00bbon|phone\u00bb box_shadow_style=\u00bbpreset7&#8243; box_shadow_horizontal=\u00bb0px\u00bb box_shadow_vertical=\u00bb3px\u00bb box_shadow_color=\u00bbrgba(255,255,255,0.21)\u00bb use_custom_width=\u00bbon\u00bb width_unit=\u00bboff\u00bb custom_width_percent=\u00bb90%\u00bb locked=\u00bboff\u00bb global_colors_info=\u00bb{}\u00bb][et_pb_column type=\u00bb2_3&#8243; _builder_version=\u00bb4.16&#8243; _module_preset=\u00bbdefault\u00bb custom_padding=\u00bb|||\u00bb global_colors_info=\u00bb{}\u00bb custom_padding__hover=\u00bb|||\u00bb][et_pb_text _builder_version=\u00bb4.17.3&#8243; _module_preset=\u00bbdefault\u00bb text_font=\u00bbRubik||||||||\u00bb text_font_size=\u00bb44px\u00bb text_line_height=\u00bb2em\u00bb header_font=\u00bb||||||||\u00bb header_2_font=\u00bbRubik|700||on|||||\u00bb header_2_text_align=\u00bbleft\u00bb header_2_font_size=\u00bb33px\u00bb header_2_letter_spacing=\u00bb1px\u00bb header_2_line_height=\u00bb1.3em\u00bb background_layout=\u00bbdark\u00bb max_width=\u00bb650px\u00bb max_width_tablet=\u00bb400px\u00bb max_width_phone=\u00bb400px\u00bb max_width_last_edited=\u00bbon|tablet\u00bb module_alignment=\u00bbright\u00bb custom_margin=\u00bb||17px||false|false\u00bb text_font_size_tablet=\u00bb44px\u00bb text_font_size_phone=\u00bb36px\u00bb text_font_size_last_edited=\u00bbon|phone\u00bb header_2_text_align_tablet=\u00bbcenter\u00bb header_2_text_align_phone=\u00bbcenter\u00bb header_2_text_align_last_edited=\u00bbon|tablet\u00bb header_2_font_size_tablet=\u00bb34px\u00bb header_2_font_size_phone=\u00bb24px\u00bb header_2_font_size_last_edited=\u00bbon|phone\u00bb module_alignment_tablet=\u00bbcenter\u00bb module_alignment_phone=\u00bbcenter\u00bb module_alignment_last_edited=\u00bbon|tablet\u00bb locked=\u00bboff\u00bb global_colors_info=\u00bb{}\u00bb header_font_size__hover=\u00bb30px\u00bb header_font_size__hover_enabled=\u00bb30px\u00bb header_letter_spacing__hover=\u00bb0px\u00bb header_letter_spacing__hover_enabled=\u00bb0px\u00bb header_text_shadow_style__hover=\u00bbnone\u00bb header_text_shadow_style__hover_enabled=\u00bbnone\u00bb header_text_shadow_color__hover=\u00bbrgba(0,0,0,0.4)\u00bb header_text_shadow_color__hover_enabled=\u00bbrgba(0,0,0,0.4)\u00bb]<\/p>\n<h2>s\u00e9 parte del mundo de la rob\u00f3tica.<\/h2>\n<p>[\/et_pb_text][et_pb_text _builder_version=\u00bb4.17.3&#8243; _module_preset=\u00bbdefault\u00bb text_font=\u00bbLato||||||||\u00bb text_text_color=\u00bb#FFFFFF\u00bb text_font_size=\u00bb16px\u00bb text_line_height=\u00bb1.6em\u00bb header_2_font=\u00bbRubik|500||on|||||\u00bb header_2_font_size=\u00bb44px\u00bb header_2_letter_spacing=\u00bb1px\u00bb header_2_line_height=\u00bb1.3em\u00bb background_layout=\u00bbdark\u00bb max_width=\u00bb650px\u00bb module_alignment=\u00bbright\u00bb text_orientation_tablet=\u00bbcenter\u00bb text_orientation_phone=\u00bbcenter\u00bb text_orientation_last_edited=\u00bbon|desktop\u00bb locked=\u00bboff\u00bb global_colors_info=\u00bb{}\u00bb header_font_size__hover=\u00bb30px\u00bb header_font_size__hover_enabled=\u00bb30px\u00bb header_letter_spacing__hover=\u00bb0px\u00bb header_letter_spacing__hover_enabled=\u00bb0px\u00bb header_text_shadow_style__hover=\u00bbnone\u00bb header_text_shadow_style__hover_enabled=\u00bbnone\u00bb header_text_shadow_color__hover=\u00bbrgba(0,0,0,0.4)\u00bb header_text_shadow_color__hover_enabled=\u00bbrgba(0,0,0,0.4)\u00bb]<\/p>\n<p>Implementar la rob\u00f3tica en tu colegio es m\u00e1s f\u00e1cil y barato de lo que piensas<\/p>\n<p>[\/et_pb_text][\/et_pb_column][et_pb_column type=\u00bb1_3&#8243; _builder_version=\u00bb4.16&#8243; _module_preset=\u00bbdefault\u00bb custom_padding=\u00bb|||\u00bb global_colors_info=\u00bb{}\u00bb custom_padding__hover=\u00bb|||\u00bb][et_pb_button button_url=\u00bbhttps:\/\/twistdev.com.br\/maker-robotics-pablo\/quem-somos\/\u00bb button_text=\u00bbCONOZCA NUESTRA HISTORIA  \u00bb button_alignment=\u00bbcenter\u00bb _builder_version=\u00bb4.18.0&#8243; _module_preset=\u00bbdefault\u00bb custom_button=\u00bbon\u00bb button_text_size=\u00bb14px\u00bb button_text_color=\u00bb#091744&#8243; button_bg_color=\u00bb#14f1d9&#8243; button_border_width=\u00bb0px\u00bb button_border_radius=\u00bb100px\u00bb button_letter_spacing=\u00bb1px\u00bb button_font=\u00bbRubik|500||on|||||\u00bb custom_margin=\u00bb||26px|||\u00bb custom_padding=\u00bb16px|50px|16px|50px|true|true\u00bb custom_padding_tablet=\u00bb16px||16px||true|true\u00bb custom_padding_phone=\u00bb16px|26px|16px|26px|true|true\u00bb custom_padding_last_edited=\u00bbon|phone\u00bb animation_style=\u00bbfade\u00bb button_letter_spacing_last_edited=\u00bboff|desktop\u00bb box_shadow_style=\u00bbpreset3&#8243; box_shadow_blur=\u00bb28px\u00bb box_shadow_color=\u00bbrgba(20,241,217,0.24)\u00bb locked=\u00bboff\u00bb global_colors_info=\u00bb{}\u00bb button_letter_spacing__hover=\u00bb2px\u00bb button_letter_spacing__hover_enabled=\u00bbon\u00bb][\/et_pb_button][et_pb_button button_url=\u00bb@ET-DC@eyJkeW5hbWljIjp0cnVlLCJjb250ZW50IjoicG9zdF9saW5rX3VybF9wYWdlIiwic2V0dGluZ3MiOnsicG9zdF9pZCI6IjI4OSJ9fQ==@\u00bb button_text=\u00bbENTRE EN CONTACTO  \u00bb button_alignment=\u00bbcenter\u00bb _builder_version=\u00bb4.18.0&#8243; _dynamic_attributes=\u00bbbutton_url\u00bb _module_preset=\u00bbdefault\u00bb custom_button=\u00bbon\u00bb button_text_size=\u00bb14px\u00bb button_text_color=\u00bb#091744&#8243; button_bg_color=\u00bb#14f1d9&#8243; button_border_width=\u00bb0px\u00bb button_border_radius=\u00bb100px\u00bb button_letter_spacing=\u00bb1px\u00bb button_font=\u00bbRubik|500||on|||||\u00bb custom_padding=\u00bb16px|50px|16px|50px|true|true\u00bb custom_padding_tablet=\u00bb16px||16px||true|true\u00bb custom_padding_phone=\u00bb16px|72px|16px|72px|true|true\u00bb custom_padding_last_edited=\u00bbon|phone\u00bb animation_style=\u00bbfade\u00bb button_letter_spacing_last_edited=\u00bboff|desktop\u00bb box_shadow_style=\u00bbpreset3&#8243; box_shadow_blur=\u00bb28px\u00bb box_shadow_color=\u00bbrgba(20,241,217,0.24)\u00bb locked=\u00bboff\u00bb global_colors_info=\u00bb{}\u00bb button_letter_spacing__hover=\u00bb2px\u00bb button_letter_spacing__hover_enabled=\u00bbon\u00bb][\/et_pb_button][\/et_pb_column][\/et_pb_row][\/et_pb_section]<\/p>\n","protected":false},"excerpt":{"rendered":"<p>CLIENTES EN AM\u00c9RICA LATINAM\u00e1s de 3000 clientesPresentes en todo el pa\u00edsSomos la Mayor Empresa de Rob\u00f3tica Educativa<div class=\"map_wrapper\" id=\"map_wrapper_2079\">\n<div class=\"map_box\" style=\"max-width:3000px\">\n<div class=\"map_aspect_ratio\" style=\"padding-top:72%\" data-padding-top=\"72%\" data-padding-top-mobile=\"\">\n<div class=\"map_container\">\n<div class=\"map_render map_loading\" id=\"map_2079\"><\/div>\n<\/div>\n<\/div>\n<\/div>\n<\/div>s\u00e9 parte del mundo de la rob\u00f3tica.Implementar la rob\u00f3tica en tu colegio es m\u00e1s f\u00e1cil y barato de lo que piensas<\/p>\n","protected":false},"author":1,"featured_media":0,"parent":0,"menu_order":0,"comment_status":"closed","ping_status":"closed","template":"","meta":{"_et_pb_use_builder":"on","_et_pb_old_content":"","_et_gb_content_width":""},"acf":[],"yoast_head":"<!-- This site is optimized with the Yoast SEO plugin v20.6 - https:\/\/yoast.com\/wordpress\/plugins\/seo\/ -->\n<title>Clientes - Maker Robotics<\/title>\n<meta name=\"robots\" content=\"index, follow, max-snippet:-1, max-image-preview:large, max-video-preview:-1\" \/>\n<link rel=\"canonical\" href=\"https:\/\/makerrobotics.com.py\/site\/clientes\/\" \/>\n<meta property=\"og:locale\" content=\"es_ES\" \/>\n<meta property=\"og:type\" content=\"article\" \/>\n<meta property=\"og:title\" content=\"Clientes - Maker Robotics\" \/>\n<meta property=\"og:description\" content=\"CLIENTES EN AM\u00c9RICA LATINAM\u00e1s de 3000 clientesPresentes en todo el pa\u00edsSomos la Mayor Empresa de Rob\u00f3tica Educativas\u00e9 parte del mundo de la rob\u00f3tica.Implementar la rob\u00f3tica en tu colegio es m\u00e1s f\u00e1cil y barato de lo que piensas\" \/>\n<meta property=\"og:url\" content=\"https:\/\/makerrobotics.com.py\/site\/clientes\/\" \/>\n<meta property=\"og:site_name\" content=\"Maker Robotics\" \/>\n<meta property=\"article:modified_time\" content=\"2023-03-09T17:17:08+00:00\" \/>\n<meta name=\"twitter:card\" content=\"summary_large_image\" \/>\n<meta name=\"twitter:label1\" content=\"Tiempo de lectura\" \/>\n\t<meta name=\"twitter:data1\" content=\"8 minutos\" \/>\n<script type=\"application\/ld+json\" class=\"yoast-schema-graph\">{\"@context\":\"https:\/\/schema.org\",\"@graph\":[{\"@type\":\"WebPage\",\"@id\":\"https:\/\/makerrobotics.com.py\/site\/clientes\/\",\"url\":\"https:\/\/makerrobotics.com.py\/site\/clientes\/\",\"name\":\"Clientes - Maker Robotics\",\"isPartOf\":{\"@id\":\"https:\/\/makerrobotics.com.py\/site\/#website\"},\"datePublished\":\"2022-07-15T18:06:34+00:00\",\"dateModified\":\"2023-03-09T17:17:08+00:00\",\"breadcrumb\":{\"@id\":\"https:\/\/makerrobotics.com.py\/site\/clientes\/#breadcrumb\"},\"inLanguage\":\"es\",\"potentialAction\":[{\"@type\":\"ReadAction\",\"target\":[\"https:\/\/makerrobotics.com.py\/site\/clientes\/\"]}]},{\"@type\":\"BreadcrumbList\",\"@id\":\"https:\/\/makerrobotics.com.py\/site\/clientes\/#breadcrumb\",\"itemListElement\":[{\"@type\":\"ListItem\",\"position\":1,\"name\":\"In\u00edcio\",\"item\":\"https:\/\/makerrobotics.com.py\/site\/\"},{\"@type\":\"ListItem\",\"position\":2,\"name\":\"Clientes\"}]},{\"@type\":\"WebSite\",\"@id\":\"https:\/\/makerrobotics.com.py\/site\/#website\",\"url\":\"https:\/\/makerrobotics.com.py\/site\/\",\"name\":\"Maker Robotics\",\"description\":\"Solu\u00e7\u00f5es para a nova educa\u00e7\u00e3o.\",\"potentialAction\":[{\"@type\":\"SearchAction\",\"target\":{\"@type\":\"EntryPoint\",\"urlTemplate\":\"https:\/\/makerrobotics.com.py\/site\/?s={search_term_string}\"},\"query-input\":\"required name=search_term_string\"}],\"inLanguage\":\"es\"}]}<\/script>\n<!-- \/ Yoast SEO plugin. -->","yoast_head_json":{"title":"Clientes - Maker Robotics","robots":{"index":"index","follow":"follow","max-snippet":"max-snippet:-1","max-image-preview":"max-image-preview:large","max-video-preview":"max-video-preview:-1"},"canonical":"https:\/\/makerrobotics.com.py\/site\/clientes\/","og_locale":"es_ES","og_type":"article","og_title":"Clientes - Maker Robotics","og_description":"CLIENTES EN AM\u00c9RICA LATINAM\u00e1s de 3000 clientesPresentes en todo el pa\u00edsSomos la Mayor Empresa de Rob\u00f3tica Educativas\u00e9 parte del mundo de la rob\u00f3tica.Implementar la rob\u00f3tica en tu colegio es m\u00e1s f\u00e1cil y barato de lo que piensas","og_url":"https:\/\/makerrobotics.com.py\/site\/clientes\/","og_site_name":"Maker Robotics","article_modified_time":"2023-03-09T17:17:08+00:00","twitter_card":"summary_large_image","twitter_misc":{"Tiempo de lectura":"8 minutos"},"schema":{"@context":"https:\/\/schema.org","@graph":[{"@type":"WebPage","@id":"https:\/\/makerrobotics.com.py\/site\/clientes\/","url":"https:\/\/makerrobotics.com.py\/site\/clientes\/","name":"Clientes - Maker Robotics","isPartOf":{"@id":"https:\/\/makerrobotics.com.py\/site\/#website"},"datePublished":"2022-07-15T18:06:34+00:00","dateModified":"2023-03-09T17:17:08+00:00","breadcrumb":{"@id":"https:\/\/makerrobotics.com.py\/site\/clientes\/#breadcrumb"},"inLanguage":"es","potentialAction":[{"@type":"ReadAction","target":["https:\/\/makerrobotics.com.py\/site\/clientes\/"]}]},{"@type":"BreadcrumbList","@id":"https:\/\/makerrobotics.com.py\/site\/clientes\/#breadcrumb","itemListElement":[{"@type":"ListItem","position":1,"name":"In\u00edcio","item":"https:\/\/makerrobotics.com.py\/site\/"},{"@type":"ListItem","position":2,"name":"Clientes"}]},{"@type":"WebSite","@id":"https:\/\/makerrobotics.com.py\/site\/#website","url":"https:\/\/makerrobotics.com.py\/site\/","name":"Maker Robotics","description":"Solu\u00e7\u00f5es para a nova educa\u00e7\u00e3o.","potentialAction":[{"@type":"SearchAction","target":{"@type":"EntryPoint","urlTemplate":"https:\/\/makerrobotics.com.py\/site\/?s={search_term_string}"},"query-input":"required name=search_term_string"}],"inLanguage":"es"}]}},"_links":{"self":[{"href":"https:\/\/makerrobotics.com.py\/site\/wp-json\/wp\/v2\/pages\/2009"}],"collection":[{"href":"https:\/\/makerrobotics.com.py\/site\/wp-json\/wp\/v2\/pages"}],"about":[{"href":"https:\/\/makerrobotics.com.py\/site\/wp-json\/wp\/v2\/types\/page"}],"author":[{"embeddable":true,"href":"https:\/\/makerrobotics.com.py\/site\/wp-json\/wp\/v2\/users\/1"}],"replies":[{"embeddable":true,"href":"https:\/\/makerrobotics.com.py\/site\/wp-json\/wp\/v2\/comments?post=2009"}],"version-history":[{"count":7,"href":"https:\/\/makerrobotics.com.py\/site\/wp-json\/wp\/v2\/pages\/2009\/revisions"}],"predecessor-version":[{"id":2198,"href":"https:\/\/makerrobotics.com.py\/site\/wp-json\/wp\/v2\/pages\/2009\/revisions\/2198"}],"wp:attachment":[{"href":"https:\/\/makerrobotics.com.py\/site\/wp-json\/wp\/v2\/media?parent=2009"}],"curies":[{"name":"wp","href":"https:\/\/api.w.org\/{rel}","templated":true}]}}